{"id":247,"date":"2022-05-09T21:57:09","date_gmt":"2022-05-09T19:57:09","guid":{"rendered":"http:\/\/eup-grotefeld.de\/?page_id=247"},"modified":"2022-12-17T22:48:59","modified_gmt":"2022-12-17T21:48:59","slug":"technologien","status":"publish","type":"page","link":"https:\/\/eup-grotefeld.de\/en\/technologien\/","title":{"rendered":"Technologies"},"content":{"rendered":"<div data-elementor-type=\"wp-page\" data-elementor-id=\"247\" class=\"elementor elementor-247\">\n\t\t\t\t\t\t\t\t\t<section class=\"elementor-section elementor-top-section elementor-element elementor-element-57c7be9 elementor-section-boxed elementor-section-height-default elementor-section-height-default\" data-id=\"57c7be9\" data-element_type=\"section\">\n\t\t\t\t\t\t\t<div class=\"elementor-background-overlay\"><\/div>\n\t\t\t\t\t\t\t<div class=\"elementor-container elementor-column-gap-default\">\n\t\t\t\t\t<div class=\"elementor-column elementor-col-50 elementor-top-column elementor-element elementor-element-99a75d8\" data-id=\"99a75d8\" data-element_type=\"column\">\n\t\t\t<div class=\"elementor-widget-wrap elementor-element-populated\">\n\t\t\t\t\t\t\t\t<div class=\"elementor-element elementor-element-2b23bd1 elementor-widget elementor-widget-heading\" data-id=\"2b23bd1\" data-element_type=\"widget\" data-widget_type=\"heading.default\">\n\t\t\t\t<div class=\"elementor-widget-container\">\n\t\t\t<style>\/*! elementor - v3.15.0 - 20-08-2023 *\/\n.elementor-heading-title{padding:0;margin:0;line-height:1}.elementor-widget-heading .elementor-heading-title[class*=elementor-size-]>a{color:inherit;font-size:inherit;line-height:inherit}.elementor-widget-heading .elementor-heading-title.elementor-size-small{font-size:15px}.elementor-widget-heading .elementor-heading-title.elementor-size-medium{font-size:19px}.elementor-widget-heading .elementor-heading-title.elementor-size-large{font-size:29px}.elementor-widget-heading .elementor-heading-title.elementor-size-xl{font-size:39px}.elementor-widget-heading .elementor-heading-title.elementor-size-xxl{font-size:59px}<\/style><h2 class=\"elementor-heading-title elementor-size-default\">Technologies<\/h2>\t\t<\/div>\n\t\t\t\t<\/div>\n\t\t\t\t\t<\/div>\n\t\t<\/div>\n\t\t\t\t<div class=\"elementor-column elementor-col-50 elementor-top-column elementor-element elementor-element-95575fd\" data-id=\"95575fd\" data-element_type=\"column\">\n\t\t\t<div class=\"elementor-widget-wrap\">\n\t\t\t\t\t\t\t\t\t<\/div>\n\t\t<\/div>\n\t\t\t\t\t\t\t<\/div>\n\t\t<\/section>\n\t\t\t\t<section class=\"elementor-section elementor-top-section elementor-element elementor-element-db945d8 elementor-section-boxed elementor-section-height-default elementor-section-height-default\" data-id=\"db945d8\" data-element_type=\"section\">\n\t\t\t\t\t\t\t<div class=\"elementor-background-overlay\"><\/div>\n\t\t\t\t\t\t\t<div class=\"elementor-container elementor-column-gap-default\">\n\t\t\t\t\t<div class=\"elementor-column elementor-col-50 elementor-top-column elementor-element elementor-element-9505e1d elementor-hidden-mobile\" data-id=\"9505e1d\" data-element_type=\"column\" data-settings=\"{&quot;background_background&quot;:&quot;slideshow&quot;,&quot;background_slideshow_gallery&quot;:[{&quot;id&quot;:510,&quot;url&quot;:&quot;http:\\\/\\\/eup-grotefeld.de\\\/wp-content\\\/uploads\\\/2022\\\/05\\\/eup_grotefeld_bio_masse_kraftwerk_biomass_power_plant_web-scaled.jpg&quot;}],&quot;background_slideshow_loop&quot;:&quot;yes&quot;,&quot;background_slideshow_slide_duration&quot;:5000,&quot;background_slideshow_slide_transition&quot;:&quot;fade&quot;,&quot;background_slideshow_transition_duration&quot;:500}\">\n\t\t\t<div class=\"elementor-widget-wrap\">\n\t\t\t\t\t\t\t\t\t<\/div>\n\t\t<\/div>\n\t\t\t\t<div class=\"elementor-column elementor-col-50 elementor-top-column elementor-element elementor-element-a38ad68\" data-id=\"a38ad68\" data-element_type=\"column\">\n\t\t\t<div class=\"elementor-widget-wrap elementor-element-populated\">\n\t\t\t\t\t\t\t\t<div class=\"elementor-element elementor-element-0b0a292 elementor-widget elementor-widget-heading\" data-id=\"0b0a292\" data-element_type=\"widget\" data-widget_type=\"heading.default\">\n\t\t\t\t<div class=\"elementor-widget-container\">\n\t\t\t<h2 class=\"elementor-heading-title elementor-size-default\">Power plant types<\/h2>\t\t<\/div>\n\t\t\t\t<\/div>\n\t\t\t\t<div class=\"elementor-element elementor-element-1f8ca01 elementor-widget elementor-widget-text-editor\" data-id=\"1f8ca01\" data-element_type=\"widget\" data-widget_type=\"text-editor.default\">\n\t\t\t\t<div class=\"elementor-widget-container\">\n\t\t\t<style>\/*! elementor - v3.15.0 - 20-08-2023 *\/\n.elementor-widget-text-editor.elementor-drop-cap-view-stacked .elementor-drop-cap{background-color:#69727d;color:#fff}.elementor-widget-text-editor.elementor-drop-cap-view-framed .elementor-drop-cap{color:#69727d;border:3px solid;background-color:transparent}.elementor-widget-text-editor:not(.elementor-drop-cap-view-default) .elementor-drop-cap{margin-top:8px}.elementor-widget-text-editor:not(.elementor-drop-cap-view-default) .elementor-drop-cap-letter{width:1em;height:1em}.elementor-widget-text-editor .elementor-drop-cap{float:left;text-align:center;line-height:1;font-size:50px}.elementor-widget-text-editor .elementor-drop-cap-letter{display:inline-block}<\/style>\t\t\t\t<ul><li>Gas-fired boilers, HEL-fired boilers, coal-fired boilers<\/li><li>Combined cycle plants, gas turbines\u00a0<\/li><li>Combined heat and power plants<\/li><li>Biomass power plants (wood, straw, palm oil, kernels, chicken manure, etc.)<\/li><li>Waste incineration plants<\/li><li>Sewage sludge incineration<\/li><\/ul>\t\t\t\t\t\t<\/div>\n\t\t\t\t<\/div>\n\t\t\t\t<div class=\"elementor-element elementor-element-462bdc8 elementor-widget elementor-widget-heading\" data-id=\"462bdc8\" data-element_type=\"widget\" data-widget_type=\"heading.default\">\n\t\t\t\t<div class=\"elementor-widget-container\">\n\t\t\t<h2 class=\"elementor-heading-title elementor-size-default\">Power generation\n<\/h2>\t\t<\/div>\n\t\t\t\t<\/div>\n\t\t\t\t<div class=\"elementor-element elementor-element-f775888 elementor-widget elementor-widget-text-editor\" data-id=\"f775888\" data-element_type=\"widget\" data-widget_type=\"text-editor.default\">\n\t\t\t\t<div class=\"elementor-widget-container\">\n\t\t\t\t\t\t\t<ul>\n<li>Extraction-condensing turbines (up to 800 MWel)<sub>el<\/sub>)<\/li>\n<li>Back-pressure turbines<\/li>\n<li>ORC process (for geothermal plant)<\/li><\/ul>\t\t\t\t\t\t<\/div>\n\t\t\t\t<\/div>\n\t\t\t\t\t<\/div>\n\t\t<\/div>\n\t\t\t\t\t\t\t<\/div>\n\t\t<\/section>\n\t\t\t\t<section class=\"elementor-section elementor-top-section elementor-element elementor-element-5b1f757 elementor-section-full_width elementor-section-height-min-height elementor-hidden-desktop elementor-section-height-default elementor-section-items-middle\" data-id=\"5b1f757\" data-element_type=\"section\" data-settings=\"{&quot;background_background&quot;:&quot;slideshow&quot;,&quot;background_slideshow_gallery&quot;:[{&quot;id&quot;:510,&quot;url&quot;:&quot;http:\\\/\\\/eup-grotefeld.de\\\/wp-content\\\/uploads\\\/2022\\\/05\\\/eup_grotefeld_bio_masse_kraftwerk_biomass_power_plant_web-scaled.jpg&quot;}],&quot;background_slideshow_transition_duration&quot;:1,&quot;background_slideshow_loop&quot;:&quot;yes&quot;,&quot;background_slideshow_slide_duration&quot;:5000,&quot;background_slideshow_slide_transition&quot;:&quot;fade&quot;}\">\n\t\t\t\t\t\t<div class=\"elementor-container elementor-column-gap-default\">\n\t\t\t\t\t<div class=\"elementor-column elementor-col-100 elementor-top-column elementor-element elementor-element-231c7c3\" data-id=\"231c7c3\" data-element_type=\"column\">\n\t\t\t<div class=\"elementor-widget-wrap\">\n\t\t\t\t\t\t\t\t\t<\/div>\n\t\t<\/div>\n\t\t\t\t\t\t\t<\/div>\n\t\t<\/section>\n\t\t\t\t<section class=\"elementor-section elementor-top-section elementor-element elementor-element-316207f elementor-section-boxed elementor-section-height-default elementor-section-height-default\" data-id=\"316207f\" data-element_type=\"section\">\n\t\t\t\t\t\t\t<div class=\"elementor-background-overlay\"><\/div>\n\t\t\t\t\t\t\t<div class=\"elementor-container elementor-column-gap-default\">\n\t\t\t\t\t<div class=\"elementor-column elementor-col-50 elementor-top-column elementor-element elementor-element-7d40f23\" data-id=\"7d40f23\" data-element_type=\"column\">\n\t\t\t<div class=\"elementor-widget-wrap elementor-element-populated\">\n\t\t\t\t\t\t\t\t<div class=\"elementor-element elementor-element-97057e9 elementor-widget elementor-widget-heading\" data-id=\"97057e9\" data-element_type=\"widget\" data-widget_type=\"heading.default\">\n\t\t\t\t<div class=\"elementor-widget-container\">\n\t\t\t<h2 class=\"elementor-heading-title elementor-size-default\">Heat utilization<\/h2>\t\t<\/div>\n\t\t\t\t<\/div>\n\t\t\t\t<div class=\"elementor-element elementor-element-49715d2 elementor-widget elementor-widget-text-editor\" data-id=\"49715d2\" data-element_type=\"widget\" data-widget_type=\"text-editor.default\">\n\t\t\t\t<div class=\"elementor-widget-container\">\n\t\t\t\t\t\t\t<ul><li class=\" translation-block\">District and local heating, district cooling, district steam, H2 production, etc.<\/li><li>District heat transfer and district heat pumping stations<\/li><li>Optimization and automation of heat networks<\/li><\/ul>\t\t\t\t\t\t<\/div>\n\t\t\t\t<\/div>\n\t\t\t\t<div class=\"elementor-element elementor-element-7f33726 elementor-widget elementor-widget-heading\" data-id=\"7f33726\" data-element_type=\"widget\" data-widget_type=\"heading.default\">\n\t\t\t\t<div class=\"elementor-widget-container\">\n\t\t\t<h2 class=\"elementor-heading-title elementor-size-default\">Flue gas cleaning<\/h2>\t\t<\/div>\n\t\t\t\t<\/div>\n\t\t\t\t<div class=\"elementor-element elementor-element-e897ec6 elementor-widget elementor-widget-text-editor\" data-id=\"e897ec6\" data-element_type=\"widget\" data-widget_type=\"text-editor.default\">\n\t\t\t\t<div class=\"elementor-widget-container\">\n\t\t\t\t\t\t\t<ul><li>Wet scrubbing<\/li><li>quasi-dry systems<\/li><li>dry systems (lime, sodium bicarbonate, hearth furnace coke)<\/li><li>SCR and SNCR systems (ammonia, ammonia water, urea), Dagavo, Gagavo<\/li><li class=\" translation-block\">CO<sub>2<\/sub>-Abscheidung<\/li><\/ul>\t\t\t\t\t\t<\/div>\n\t\t\t\t<\/div>\n\t\t\t\t\t<\/div>\n\t\t<\/div>\n\t\t\t\t<div class=\"elementor-column elementor-col-50 elementor-top-column elementor-element elementor-element-71a3244 elementor-hidden-mobile\" data-id=\"71a3244\" data-element_type=\"column\" data-settings=\"{&quot;background_background&quot;:&quot;slideshow&quot;,&quot;background_slideshow_gallery&quot;:[{&quot;id&quot;:516,&quot;url&quot;:&quot;http:\\\/\\\/eup-grotefeld.de\\\/wp-content\\\/uploads\\\/2022\\\/05\\\/eup_grotefeld_Heizkraftwerk_Fernwaerme_heat_power_plants_web-scaled.jpg&quot;}],&quot;background_slideshow_loop&quot;:&quot;yes&quot;,&quot;background_slideshow_slide_duration&quot;:5000,&quot;background_slideshow_slide_transition&quot;:&quot;fade&quot;,&quot;background_slideshow_transition_duration&quot;:500}\">\n\t\t\t<div class=\"elementor-widget-wrap\">\n\t\t\t\t\t\t\t\t\t<\/div>\n\t\t<\/div>\n\t\t\t\t\t\t\t<\/div>\n\t\t<\/section>\n\t\t\t\t<section class=\"elementor-section elementor-top-section elementor-element elementor-element-9367ffa elementor-section-full_width elementor-section-height-min-height elementor-hidden-desktop elementor-section-height-default elementor-section-items-middle\" data-id=\"9367ffa\" data-element_type=\"section\" data-settings=\"{&quot;background_background&quot;:&quot;slideshow&quot;,&quot;background_slideshow_gallery&quot;:[{&quot;id&quot;:516,&quot;url&quot;:&quot;http:\\\/\\\/eup-grotefeld.de\\\/wp-content\\\/uploads\\\/2022\\\/05\\\/eup_grotefeld_Heizkraftwerk_Fernwaerme_heat_power_plants_web-scaled.jpg&quot;}],&quot;background_slideshow_transition_duration&quot;:1,&quot;background_slideshow_loop&quot;:&quot;yes&quot;,&quot;background_slideshow_slide_duration&quot;:5000,&quot;background_slideshow_slide_transition&quot;:&quot;fade&quot;}\">\n\t\t\t\t\t\t<div class=\"elementor-container elementor-column-gap-default\">\n\t\t\t\t\t<div class=\"elementor-column elementor-col-100 elementor-top-column elementor-element elementor-element-ed3a9b0\" data-id=\"ed3a9b0\" data-element_type=\"column\">\n\t\t\t<div class=\"elementor-widget-wrap\">\n\t\t\t\t\t\t\t\t\t<\/div>\n\t\t<\/div>\n\t\t\t\t\t\t\t<\/div>\n\t\t<\/section>\n\t\t\t\t<section class=\"elementor-section elementor-top-section elementor-element elementor-element-6e0571b elementor-section-boxed elementor-section-height-default elementor-section-height-default\" data-id=\"6e0571b\" data-element_type=\"section\">\n\t\t\t\t\t\t\t<div class=\"elementor-background-overlay\"><\/div>\n\t\t\t\t\t\t\t<div class=\"elementor-container elementor-column-gap-default\">\n\t\t\t\t\t<div class=\"elementor-column elementor-col-100 elementor-top-column elementor-element elementor-element-6a928ff\" data-id=\"6a928ff\" data-element_type=\"column\">\n\t\t\t<div class=\"elementor-widget-wrap elementor-element-populated\">\n\t\t\t\t\t\t\t\t<div class=\"elementor-element elementor-element-59598f9 elementor-widget elementor-widget-heading\" data-id=\"59598f9\" data-element_type=\"widget\" data-widget_type=\"heading.default\">\n\t\t\t\t<div class=\"elementor-widget-container\">\n\t\t\t<h2 class=\"elementor-heading-title elementor-size-default\">Ancillary systems<\/h2>\t\t<\/div>\n\t\t\t\t<\/div>\n\t\t\t\t<div class=\"elementor-element elementor-element-1d9d6d8 elementor-widget elementor-widget-text-editor\" data-id=\"1d9d6d8\" data-element_type=\"widget\" data-widget_type=\"text-editor.default\">\n\t\t\t\t<div class=\"elementor-widget-container\">\n\t\t\t\t\t\t\t<ul><li>Waste treatment (sorting and shredding), waste and slag cranes, slag processing, residue treatment (solidification)<\/li><li>Inlet structures for cooling water systems, outlet structures, recooling plants<\/li><li>Feed water treatment plants, condensate cleaning plants<\/li><li>Water-steam system<\/li><li>Compressed air generation<\/li><li>Switchgear and control technology<\/li><\/ul>\t\t\t\t\t\t<\/div>\n\t\t\t\t<\/div>\n\t\t\t\t\t<\/div>\n\t\t<\/div>\n\t\t\t\t\t\t\t<\/div>\n\t\t<\/section>\n\t\t\t\t<section class=\"elementor-section elementor-top-section elementor-element elementor-element-49837e28 elementor-section-boxed elementor-section-height-default elementor-section-height-default\" data-id=\"49837e28\" data-element_type=\"section\" data-settings=\"{&quot;background_background&quot;:&quot;classic&quot;}\">\n\t\t\t\t\t\t<div class=\"elementor-container elementor-column-gap-default\">\n\t\t\t\t\t<div class=\"elementor-column elementor-col-33 elementor-top-column elementor-element elementor-element-48ad2090\" data-id=\"48ad2090\" data-element_type=\"column\">\n\t\t\t<div class=\"elementor-widget-wrap elementor-element-populated\">\n\t\t\t\t\t\t\t\t<div class=\"elementor-element elementor-element-62bdc803 elementor-widget elementor-widget-heading\" data-id=\"62bdc803\" data-element_type=\"widget\" data-widget_type=\"heading.default\">\n\t\t\t\t<div class=\"elementor-widget-container\">\n\t\t\t<h2 class=\"elementor-heading-title elementor-size-default\">Contact<\/h2>\t\t<\/div>\n\t\t\t\t<\/div>\n\t\t\t\t<div class=\"elementor-element elementor-element-f16efca elementor-widget elementor-widget-text-editor\" data-id=\"f16efca\" data-element_type=\"widget\" data-widget_type=\"text-editor.default\">\n\t\t\t\t<div class=\"elementor-widget-container\">\n\t\t\t\t\t\t\t<p>Mail: info@eup-grotefeld.de<\/p><p>Phone: +49 171 339 5983<\/p>\t\t\t\t\t\t<\/div>\n\t\t\t\t<\/div>\n\t\t\t\t\t<\/div>\n\t\t<\/div>\n\t\t\t\t<div class=\"elementor-column elementor-col-33 elementor-top-column elementor-element elementor-element-d1d5571\" data-id=\"d1d5571\" data-element_type=\"column\">\n\t\t\t<div class=\"elementor-widget-wrap elementor-element-populated\">\n\t\t\t\t\t\t\t\t<div class=\"elementor-element elementor-element-62382d69 elementor-widget elementor-widget-wp-widget-ocean_custom_menu\" data-id=\"62382d69\" data-element_type=\"widget\" data-widget_type=\"wp-widget-ocean_custom_menu.default\">\n\t\t\t\t<div class=\"elementor-widget-container\">\n\t\t\t<style type=\"text\/css\">.ocean_custom_menu-REPLACE_TO_ID > ul > li > a, .custom-menu-widget .ocean_custom_menu-REPLACE_TO_ID .dropdown-menu .sub-menu li a.menu-link{color:#e4e4e4;}.custom-menu-widget .ocean_custom_menu-REPLACE_TO_ID.oceanwp-custom-menu > ul.click-menu .open-this{color:#e4e4e4;}.ocean_custom_menu-REPLACE_TO_ID > ul > li > a:hover, .custom-menu-widget .ocean_custom_menu-REPLACE_TO_ID .dropdown-menu .sub-menu li a.menu-link:hover{color:#ab2524;}.custom-menu-widget .ocean_custom_menu-REPLACE_TO_ID.oceanwp-custom-menu > ul.click-menu .open-this:hover{color:#ab2524;}<\/style><div class=\"oceanwp-custom-menu clr ocean_custom_menu-REPLACE_TO_ID left dropdown-hover\"><ul id=\"menu-menu\" class=\"dropdown-menu sf-menu\"><li  id=\"menu-item-290\" class=\"menu-item menu-item-type-post_type menu-item-object-page menu-item-290\"><a href=\"https:\/\/eup-grotefeld.de\/en\/technologien\/\" class=\"menu-link\">Technologies<\/a><\/li>\n<li  id=\"menu-item-109\" class=\"menu-item menu-item-type-post_type menu-item-object-page menu-item-109\"><a href=\"https:\/\/eup-grotefeld.de\/en\/leistungen\/\" class=\"menu-link\">Services<\/a><\/li>\n<li  id=\"menu-item-246\" class=\"menu-item menu-item-type-post_type menu-item-object-page menu-item-246\"><a href=\"https:\/\/eup-grotefeld.de\/en\/projekte\/\" class=\"menu-link\">Projects<\/a><\/li>\n<li  id=\"menu-item-291\" class=\"menu-item menu-item-type-post_type menu-item-object-page menu-item-291\"><a href=\"https:\/\/eup-grotefeld.de\/en\/ueber-uns\/\" class=\"menu-link\">About us<\/a><\/li>\n<li  id=\"menu-item-396\" class=\"menu-item menu-item-type-custom menu-item-object-custom menu-item-396\"><a href=\"https:\/\/eup-grotefeld.de\/en\/\" class=\"menu-link\">Contact<\/a><\/li>\n<li  id=\"menu-item-57\" class=\"trp-language-switcher-container menu-item menu-item-type-post_type menu-item-object-language_switcher menu-item-57\"><a href=\"https:\/\/eup-grotefeld.de\/wp-json\/wp\/v2\/pages\/247\/\" class=\"menu-link\"><span data-no-translation><span class=\"trp-ls-language-name\">German<\/span><\/span><\/a><\/li>\n<\/ul><\/div>\t\t<\/div>\n\t\t\t\t<\/div>\n\t\t\t\t\t<\/div>\n\t\t<\/div>\n\t\t\t\t<div class=\"elementor-column elementor-col-33 elementor-top-column elementor-element elementor-element-2e2cc551\" data-id=\"2e2cc551\" data-element_type=\"column\">\n\t\t\t<div class=\"elementor-widget-wrap elementor-element-populated\">\n\t\t\t\t\t\t\t\t<div class=\"elementor-element elementor-element-5e0bf708 elementor-widget elementor-widget-text-editor\" data-id=\"5e0bf708\" data-element_type=\"widget\" data-widget_type=\"text-editor.default\">\n\t\t\t\t<div class=\"elementor-widget-container\">\n\t\t\t\t\t\t\t<p><a href=\"https:\/\/eup-grotefeld.de\/en\/impressium\/\">Impressum<\/a><\/p><p><a href=\"https:\/\/eup-grotefeld.de\/en\/datenschutzerklaerung\/\">Datenschutzerkl\u00e4rung<\/a><\/p>\t\t\t\t\t\t<\/div>\n\t\t\t\t<\/div>\n\t\t\t\t\t<\/div>\n\t\t<\/div>\n\t\t\t\t\t\t\t<\/div>\n\t\t<\/section>\n\t\t\t\t\t\t\t<\/div>","protected":false},"excerpt":{"rendered":"<p>Technologien Kraftwerkstypen Gaskessel, HEL-befeuerte Kessel, Kohlekessel GuD-Anlagen, Gasturbinen\u00a0 Blockheizkraftwerke Biomasseheizkraftwerke (Holz, Stroh, Palmfett, Kerne, H\u00fchnermist etc.) M\u00fcllverbrennungsanlagen Kl\u00e4rschlammverbrennung Energieerzeugung Entnahme-Kondensationsturbinen (bis 800 MWel) Gegendruckturbinen ORC-Prozess (f\u00fcr Geothermieanlage) W\u00e4rmenutzung Fern- und Nahw\u00e4rme, Fernk\u00e4lte, Ferndampf, H2-Produktion, etc.\u00a0 Fernw\u00e4rme\u00fcbergabe und Fernw\u00e4rmepumpstationen Optimierung und Automatisierung von W\u00e4rmenetzen Rauchgasreinigung Nassw\u00e4sche Quasi-trocken Systeme trockene Systeme (Kalk, Natriumbicarbonat, Herdofenkoks) SCR- und SNCR-Anlagen [&hellip;]<\/p>","protected":false},"author":1,"featured_media":0,"parent":0,"menu_order":0,"comment_status":"closed","ping_status":"closed","template":"","meta":{"footnotes":""},"class_list":["post-247","page","type-page","status-publish","hentry","entry"],"_links":{"self":[{"href":"https:\/\/eup-grotefeld.de\/en\/wp-json\/wp\/v2\/pages\/247","targetHints":{"allow":["GET"]}}],"collection":[{"href":"https:\/\/eup-grotefeld.de\/en\/wp-json\/wp\/v2\/pages"}],"about":[{"href":"https:\/\/eup-grotefeld.de\/en\/wp-json\/wp\/v2\/types\/page"}],"author":[{"embeddable":true,"href":"https:\/\/eup-grotefeld.de\/en\/wp-json\/wp\/v2\/users\/1"}],"replies":[{"embeddable":true,"href":"https:\/\/eup-grotefeld.de\/en\/wp-json\/wp\/v2\/comments?post=247"}],"version-history":[{"count":84,"href":"https:\/\/eup-grotefeld.de\/en\/wp-json\/wp\/v2\/pages\/247\/revisions"}],"predecessor-version":[{"id":711,"href":"https:\/\/eup-grotefeld.de\/en\/wp-json\/wp\/v2\/pages\/247\/revisions\/711"}],"wp:attachment":[{"href":"https:\/\/eup-grotefeld.de\/en\/wp-json\/wp\/v2\/media?parent=247"}],"curies":[{"name":"wp","href":"https:\/\/api.w.org\/{rel}","templated":true}]}}